{"id":26,"date":"2018-05-01T14:44:14","date_gmt":"2018-05-01T12:44:14","guid":{"rendered":"http:\/\/kinesiologie-luxembourg.com\/?page_id=26"},"modified":"2021-04-28T20:00:00","modified_gmt":"2021-04-28T18:00:00","slug":"a-propos-de","status":"publish","type":"page","link":"https:\/\/kinesiologie-luxembourg.com\/?page_id=26","title":{"rendered":"\u00c0 propos de"},"content":{"rendered":"<p><span style=\"color: #0a5894;\">Pour toute question, vous pouvez me contacter par :<\/span><\/p>\n<ul>\n<li><span style=\"color: #0a5894;\">T\u00e9l\u00e9phone \/ SMS \/ WhatsApp : +352-691-201-108<\/span><\/li>\n<li><span style=\"color: #0a5894;\">E-mail : <a style=\"color: #0a5894;\" href=\"mailto:severine.loisel@hotmail.com\">severine.loisel@hotmail.com<\/a><\/span><\/li>\n<\/ul>\n<p><span style=\"color: #0a5894;\"><em>Le kin\u00e9siologue, magn\u00e9tiseur et\/ou praticien en Reiki Usui n\u2019\u00e9tablit pas de diagnostic, ne fait pas de prescription et ne demande pas \u00e0 son client d\u2019interrompre un traitement m\u00e9dical.<\/em><\/span><\/p>\n<p><span style=\"color: #0a5894;\"><em>Les techniques \u00e9nerg\u00e9tiques de la kin\u00e9siologie, du magn\u00e9tisme et du Reiki Usui ne remplacent pas la m\u00e9decine allopathique.<\/em><\/span><\/p>\n","protected":false},"excerpt":{"rendered":"<p>Pour toute question, vous pouvez me contacter par : T\u00e9l\u00e9phone \/ SMS \/ WhatsApp : +352-691-201-108 E-mail : severine.loisel@hotmail.com Le kin\u00e9siologue, magn\u00e9tiseur et\/ou praticien en Reiki Usui n\u2019\u00e9tablit pas de diagnostic, ne fait pas de prescription et ne demande pas \u00e0 son client d\u2019interrompre un traitement m\u00e9dical. Les techniques \u00e9nerg\u00e9tiques de la kin\u00e9siologie, du magn\u00e9tisme &hellip; <\/p>\n<p class=\"link-more\"><a href=\"https:\/\/kinesiologie-luxembourg.com\/?page_id=26\" class=\"more-link\">Continuer la lecture<span class=\"screen-reader-text\"> de &laquo;&nbsp;\u00c0 propos de&nbsp;&raquo;<\/span><\/a><\/p>\n","protected":false},"author":1,"featured_media":0,"parent":0,"menu_order":0,"comment_status":"closed","ping_status":"closed","template":"","meta":{"footnotes":""},"class_list":["post-26","page","type-page","status-publish","hentry"],"_links":{"self":[{"href":"https:\/\/kinesiologie-luxembourg.com\/index.php?rest_route=\/wp\/v2\/pages\/26","targetHints":{"allow":["GET"]}}],"collection":[{"href":"https:\/\/kinesiologie-luxembourg.com\/index.php?rest_route=\/wp\/v2\/pages"}],"about":[{"href":"https:\/\/kinesiologie-luxembourg.com\/index.php?rest_route=\/wp\/v2\/types\/page"}],"author":[{"embeddable":true,"href":"https:\/\/kinesiologie-luxembourg.com\/index.php?rest_route=\/wp\/v2\/users\/1"}],"replies":[{"embeddable":true,"href":"https:\/\/kinesiologie-luxembourg.com\/index.php?rest_route=%2Fwp%2Fv2%2Fcomments&post=26"}],"version-history":[{"count":5,"href":"https:\/\/kinesiologie-luxembourg.com\/index.php?rest_route=\/wp\/v2\/pages\/26\/revisions"}],"predecessor-version":[{"id":190,"href":"https:\/\/kinesiologie-luxembourg.com\/index.php?rest_route=\/wp\/v2\/pages\/26\/revisions\/190"}],"wp:attachment":[{"href":"https:\/\/kinesiologie-luxembourg.com\/index.php?rest_route=%2Fwp%2Fv2%2Fmedia&parent=26"}],"curies":[{"name":"wp","href":"https:\/\/api.w.org\/{rel}","templated":true}]}}