{"id":239,"date":"2026-04-18T16:33:23","date_gmt":"2026-04-18T14:33:23","guid":{"rendered":"https:\/\/kinesiologie-luxembourg.com\/?page_id=239"},"modified":"2026-04-18T16:48:12","modified_gmt":"2026-04-18T14:48:12","slug":"contact-cabinet-de-mondorf-les-bains","status":"publish","type":"page","link":"https:\/\/kinesiologie-luxembourg.com\/?page_id=239","title":{"rendered":"Contact &#8211; Cabinet de Mondorf-les-Bains"},"content":{"rendered":"<p><span style=\"color: #008080;\"><strong>S\u00e9verine Loisel &#8211; Kin\u00e9siologue<\/strong><\/span><br \/>Tel : +352-691-201-108*<br \/>E-mail : severine.loisel@hotmail.com<\/p>\n<p><span style=\"color: #008000;\">Cabinet de Mondorf-les-Bains<\/span><br \/>36, avenue des Bains<br \/>L-5610 Mondorf-les-Bains<br \/>Luxembourg<\/p>\n<p><img loading=\"lazy\" decoding=\"async\" class=\"alignnone size-medium wp-image-95\" src=\"http:\/\/kinesiologie-luxembourg.com\/wp-content\/uploads\/2018\/05\/Drawing2_temp-300x176.jpg\" alt=\"\" width=\"300\" height=\"176\" srcset=\"https:\/\/kinesiologie-luxembourg.com\/wp-content\/uploads\/2018\/05\/Drawing2_temp-300x176.jpg 300w, https:\/\/kinesiologie-luxembourg.com\/wp-content\/uploads\/2018\/05\/Drawing2_temp-768x450.jpg 768w, https:\/\/kinesiologie-luxembourg.com\/wp-content\/uploads\/2018\/05\/Drawing2_temp-1024x600.jpg 1024w\" sizes=\"auto, (max-width: 300px) 100vw, 300px\" \/><\/p>\n<p>*Pour une prise de rendez-vous, merci de laisser un message sans oublier vos <span style=\"color: #333399;\">noms et coordonn\u00e9es t\u00e9l\u00e9phoniques<\/span> : je vous rappelle d\u00e8s que possible.<\/p>\n\n\n<div style=\"height:100px\" aria-hidden=\"true\" class=\"wp-block-spacer\"><\/div>\n\n\n\n<div style=\"height:100px\" aria-hidden=\"true\" class=\"wp-block-spacer\"><\/div>\n","protected":false},"excerpt":{"rendered":"<p>S\u00e9verine Loisel &#8211; Kin\u00e9siologueTel : +352-691-201-108*E-mail : severine.loisel@hotmail.com Cabinet de Mondorf-les-Bains36, avenue des BainsL-5610 Mondorf-les-BainsLuxembourg *Pour une prise de rendez-vous, merci de laisser un message sans oublier vos noms et coordonn\u00e9es t\u00e9l\u00e9phoniques : je vous rappelle d\u00e8s que possible.<\/p>\n","protected":false},"author":1,"featured_media":0,"parent":0,"menu_order":1,"comment_status":"closed","ping_status":"closed","template":"","meta":{"footnotes":""},"class_list":["post-239","page","type-page","status-publish","hentry"],"_links":{"self":[{"href":"https:\/\/kinesiologie-luxembourg.com\/index.php?rest_route=\/wp\/v2\/pages\/239","targetHints":{"allow":["GET"]}}],"collection":[{"href":"https:\/\/kinesiologie-luxembourg.com\/index.php?rest_route=\/wp\/v2\/pages"}],"about":[{"href":"https:\/\/kinesiologie-luxembourg.com\/index.php?rest_route=\/wp\/v2\/types\/page"}],"author":[{"embeddable":true,"href":"https:\/\/kinesiologie-luxembourg.com\/index.php?rest_route=\/wp\/v2\/users\/1"}],"replies":[{"embeddable":true,"href":"https:\/\/kinesiologie-luxembourg.com\/index.php?rest_route=%2Fwp%2Fv2%2Fcomments&post=239"}],"version-history":[{"count":3,"href":"https:\/\/kinesiologie-luxembourg.com\/index.php?rest_route=\/wp\/v2\/pages\/239\/revisions"}],"predecessor-version":[{"id":247,"href":"https:\/\/kinesiologie-luxembourg.com\/index.php?rest_route=\/wp\/v2\/pages\/239\/revisions\/247"}],"wp:attachment":[{"href":"https:\/\/kinesiologie-luxembourg.com\/index.php?rest_route=%2Fwp%2Fv2%2Fmedia&parent=239"}],"curies":[{"name":"wp","href":"https:\/\/api.w.org\/{rel}","templated":true}]}}