{"id":177,"date":"2021-04-28T19:32:15","date_gmt":"2021-04-28T17:32:15","guid":{"rendered":"https:\/\/kinesiologie-luxembourg.com\/?page_id=177"},"modified":"2023-12-10T16:22:20","modified_gmt":"2023-12-10T15:22:20","slug":"reiki-usui-magnetisme","status":"publish","type":"page","link":"https:\/\/kinesiologie-luxembourg.com\/?page_id=177","title":{"rendered":"Autres pratiques : Reiki Usui &#8211; Magn\u00e9tisme"},"content":{"rendered":"\n<p class=\"has-text-color\" style=\"color:#0576a7\">Je propose \u00e9galement des s\u00e9ances de <strong>Reiki Usui<\/strong> et de <strong>Magn\u00e9tisme<\/strong>. <\/p>\n\n\n\n<p class=\"has-text-color\" style=\"color:#0576a7\">Les s\u00e9ances ont lieu en <strong>cabinet<\/strong> (Hautcharage ou Perl\u00e9) ou <strong>\u00e0 distance<\/strong>.<\/p>\n\n\n\n<p class=\"has-text-color\" style=\"color:#0576a7\">Une s\u00e9ance en Reiki Usui ou en magn\u00e9tisme dure environ 1 heure.<\/p>\n\n\n\n<p class=\"has-text-color\" style=\"color:#0576a7\">Lors de la prise de rendez-vous je peux vous expliquer la diff\u00e9rence entre les deux et, si vous le souhaitez, vous aider \u00e0 identifier la technique qui vous conviendrait le mieux.<\/p>\n\n\n\n<p class=\"has-text-color\" style=\"color:#0576a7\">Dans tous les cas, merci de <strong>me contacter<\/strong> pour que nous organisions au mieux la s\u00e9ance.<br>T\u00e9l\u00e9phone \/ SMS : +352-691-201-108<br>E-mail : <a href=\"mailto:severine.loisel@hotmail.com\">severine.loisel@hotmail.com<\/a><\/p>\n","protected":false},"excerpt":{"rendered":"<p>Je propose \u00e9galement des s\u00e9ances de Reiki Usui et de Magn\u00e9tisme. Les s\u00e9ances ont lieu en cabinet (Hautcharage ou Perl\u00e9) ou \u00e0 distance. Une s\u00e9ance en Reiki Usui ou en magn\u00e9tisme dure environ 1 heure. Lors de la prise de rendez-vous je peux vous expliquer la diff\u00e9rence entre les deux et, si vous le souhaitez, &hellip; <\/p>\n<p class=\"link-more\"><a href=\"https:\/\/kinesiologie-luxembourg.com\/?page_id=177\" class=\"more-link\">Continuer la lecture<span class=\"screen-reader-text\"> de &laquo;&nbsp;Autres pratiques : Reiki Usui &#8211; Magn\u00e9tisme&nbsp;&raquo;<\/span><\/a><\/p>\n","protected":false},"author":1,"featured_media":0,"parent":0,"menu_order":0,"comment_status":"closed","ping_status":"closed","template":"","meta":{"footnotes":""},"class_list":["post-177","page","type-page","status-publish","hentry"],"_links":{"self":[{"href":"https:\/\/kinesiologie-luxembourg.com\/index.php?rest_route=\/wp\/v2\/pages\/177","targetHints":{"allow":["GET"]}}],"collection":[{"href":"https:\/\/kinesiologie-luxembourg.com\/index.php?rest_route=\/wp\/v2\/pages"}],"about":[{"href":"https:\/\/kinesiologie-luxembourg.com\/index.php?rest_route=\/wp\/v2\/types\/page"}],"author":[{"embeddable":true,"href":"https:\/\/kinesiologie-luxembourg.com\/index.php?rest_route=\/wp\/v2\/users\/1"}],"replies":[{"embeddable":true,"href":"https:\/\/kinesiologie-luxembourg.com\/index.php?rest_route=%2Fwp%2Fv2%2Fcomments&post=177"}],"version-history":[{"count":4,"href":"https:\/\/kinesiologie-luxembourg.com\/index.php?rest_route=\/wp\/v2\/pages\/177\/revisions"}],"predecessor-version":[{"id":230,"href":"https:\/\/kinesiologie-luxembourg.com\/index.php?rest_route=\/wp\/v2\/pages\/177\/revisions\/230"}],"wp:attachment":[{"href":"https:\/\/kinesiologie-luxembourg.com\/index.php?rest_route=%2Fwp%2Fv2%2Fmedia&parent=177"}],"curies":[{"name":"wp","href":"https:\/\/api.w.org\/{rel}","templated":true}]}}