{"id":165,"date":"2021-04-18T20:01:43","date_gmt":"2021-04-18T18:01:43","guid":{"rendered":"https:\/\/kinesiologie-luxembourg.com\/?page_id=165"},"modified":"2021-04-28T20:04:55","modified_gmt":"2021-04-28T18:04:55","slug":"contact-kinesiologie-pour-vos-animaux","status":"publish","type":"page","link":"https:\/\/kinesiologie-luxembourg.com\/?page_id=165","title":{"rendered":"Soins aux animaux (chien, cheval, &#8230;)"},"content":{"rendered":"\n<p class=\"has-text-color\" style=\"color:#085272\">Je pratique des s\u00e9ances de <strong>kin\u00e9siologie, Reiki Usui et Magn\u00e9tisme pour vos animaux<\/strong> (chevaux, chiens, chats, animaux de ferme, autres au cas par cas).<\/p>\n\n\n\n<p class=\"has-text-color\" style=\"color:#085272\">Pour les animaux je me d\u00e9place <strong>\u00e0 domicile<\/strong>. En fonction de l&rsquo;\u00e9loignement du lieu (>30km de Hautcharage) des frais de d\u00e9placement peuvent \u00eatre appliqu\u00e9s. N\u00e9anmoins, si plusieurs s\u00e9ances sont regroup\u00e9es (amis, voisins), les frais diminuent.<\/p>\n\n\n\n<p class=\"has-text-color\" style=\"color:#085272\">En ce qui concerne les s\u00e9ances de Reiki Usui et de Magn\u00e9tisme, je peux aussi pratiquer les <strong>s\u00e9ances \u00e0 distance<\/strong> (\u00e0 indiquer lors de la prise de rendez-vous).<br><br>Dans tous les cas, merci de <strong>me contacter<\/strong> pour que nous organisions au mieux la s\u00e9ance.<br>T\u00e9l\u00e9phone : +352-691-201-108<br>E-mail : severine.loisel@hotmail.com<\/p>\n","protected":false},"excerpt":{"rendered":"<p>Je pratique des s\u00e9ances de kin\u00e9siologie, Reiki Usui et Magn\u00e9tisme pour vos animaux (chevaux, chiens, chats, animaux de ferme, autres au cas par cas). Pour les animaux je me d\u00e9place \u00e0 domicile. En fonction de l&rsquo;\u00e9loignement du lieu (>30km de Hautcharage) des frais de d\u00e9placement peuvent \u00eatre appliqu\u00e9s. N\u00e9anmoins, si plusieurs s\u00e9ances sont regroup\u00e9es (amis, &hellip; <\/p>\n<p class=\"link-more\"><a href=\"https:\/\/kinesiologie-luxembourg.com\/?page_id=165\" class=\"more-link\">Continuer la lecture<span class=\"screen-reader-text\"> de &laquo;&nbsp;Soins aux animaux (chien, cheval, &#8230;)&nbsp;&raquo;<\/span><\/a><\/p>\n","protected":false},"author":1,"featured_media":0,"parent":0,"menu_order":0,"comment_status":"closed","ping_status":"closed","template":"","meta":{"footnotes":""},"class_list":["post-165","page","type-page","status-publish","hentry"],"_links":{"self":[{"href":"https:\/\/kinesiologie-luxembourg.com\/index.php?rest_route=\/wp\/v2\/pages\/165","targetHints":{"allow":["GET"]}}],"collection":[{"href":"https:\/\/kinesiologie-luxembourg.com\/index.php?rest_route=\/wp\/v2\/pages"}],"about":[{"href":"https:\/\/kinesiologie-luxembourg.com\/index.php?rest_route=\/wp\/v2\/types\/page"}],"author":[{"embeddable":true,"href":"https:\/\/kinesiologie-luxembourg.com\/index.php?rest_route=\/wp\/v2\/users\/1"}],"replies":[{"embeddable":true,"href":"https:\/\/kinesiologie-luxembourg.com\/index.php?rest_route=%2Fwp%2Fv2%2Fcomments&post=165"}],"version-history":[{"count":7,"href":"https:\/\/kinesiologie-luxembourg.com\/index.php?rest_route=\/wp\/v2\/pages\/165\/revisions"}],"predecessor-version":[{"id":194,"href":"https:\/\/kinesiologie-luxembourg.com\/index.php?rest_route=\/wp\/v2\/pages\/165\/revisions\/194"}],"wp:attachment":[{"href":"https:\/\/kinesiologie-luxembourg.com\/index.php?rest_route=%2Fwp%2Fv2%2Fmedia&parent=165"}],"curies":[{"name":"wp","href":"https:\/\/api.w.org\/{rel}","templated":true}]}}