{"id":137,"date":"2019-09-29T19:06:27","date_gmt":"2019-09-29T17:06:27","guid":{"rendered":"http:\/\/www.kinesiologie-luxembourg.com\/?page_id=137"},"modified":"2019-09-29T19:06:27","modified_gmt":"2019-09-29T17:06:27","slug":"contact-cabinet-de-perle","status":"publish","type":"page","link":"https:\/\/kinesiologie-luxembourg.com\/?page_id=137","title":{"rendered":"Contact &#8211; Cabinet de Perl\u00e9"},"content":{"rendered":"<p><strong><span style=\"color: #008080;\">S\u00e9verine Loisel &#8211; Kin\u00e9siologue<\/span><\/strong><br \/>\nTel : +352-691-201-108*<br \/>\nE-mail : severine.loisel@hotmail.com<\/p>\n<p><span style=\"color: #339966;\">Centre M\u00e9dical de Perl\u00e9 <\/span><br \/>\n16, rue de la Chapelle<br \/>\nL-8824 Perl\u00e9<br \/>\nLuxembourg<\/p>\n<p><img loading=\"lazy\" decoding=\"async\" class=\"alignnone size-medium wp-image-95\" src=\"http:\/\/kinesiologie-luxembourg.com\/wp-content\/uploads\/2018\/05\/Drawing2_temp-300x176.jpg\" alt=\"\" width=\"300\" height=\"176\" srcset=\"https:\/\/kinesiologie-luxembourg.com\/wp-content\/uploads\/2018\/05\/Drawing2_temp-300x176.jpg 300w, https:\/\/kinesiologie-luxembourg.com\/wp-content\/uploads\/2018\/05\/Drawing2_temp-768x450.jpg 768w, https:\/\/kinesiologie-luxembourg.com\/wp-content\/uploads\/2018\/05\/Drawing2_temp-1024x600.jpg 1024w\" sizes=\"auto, (max-width: 300px) 100vw, 300px\" \/><\/p>\n<p>*Pour une prise de rendez-vous, merci de laisser un message sans oublier vos <span style=\"color: #364e99;\">noms et coordonn\u00e9es t\u00e9l\u00e9phoniques<\/span> : je vous rappelle d\u00e8s que possible.<\/p>\n","protected":false},"excerpt":{"rendered":"<p>S\u00e9verine Loisel &#8211; Kin\u00e9siologue Tel : +352-691-201-108* E-mail : severine.loisel@hotmail.com Centre M\u00e9dical de Perl\u00e9 16, rue de la Chapelle L-8824 Perl\u00e9 Luxembourg *Pour une prise de rendez-vous, merci de laisser un message sans oublier vos noms et coordonn\u00e9es t\u00e9l\u00e9phoniques : je vous rappelle d\u00e8s que possible.<\/p>\n","protected":false},"author":1,"featured_media":0,"parent":0,"menu_order":0,"comment_status":"closed","ping_status":"closed","template":"","meta":{"footnotes":""},"class_list":["post-137","page","type-page","status-publish","hentry"],"_links":{"self":[{"href":"https:\/\/kinesiologie-luxembourg.com\/index.php?rest_route=\/wp\/v2\/pages\/137","targetHints":{"allow":["GET"]}}],"collection":[{"href":"https:\/\/kinesiologie-luxembourg.com\/index.php?rest_route=\/wp\/v2\/pages"}],"about":[{"href":"https:\/\/kinesiologie-luxembourg.com\/index.php?rest_route=\/wp\/v2\/types\/page"}],"author":[{"embeddable":true,"href":"https:\/\/kinesiologie-luxembourg.com\/index.php?rest_route=\/wp\/v2\/users\/1"}],"replies":[{"embeddable":true,"href":"https:\/\/kinesiologie-luxembourg.com\/index.php?rest_route=%2Fwp%2Fv2%2Fcomments&post=137"}],"version-history":[{"count":1,"href":"https:\/\/kinesiologie-luxembourg.com\/index.php?rest_route=\/wp\/v2\/pages\/137\/revisions"}],"predecessor-version":[{"id":139,"href":"https:\/\/kinesiologie-luxembourg.com\/index.php?rest_route=\/wp\/v2\/pages\/137\/revisions\/139"}],"wp:attachment":[{"href":"https:\/\/kinesiologie-luxembourg.com\/index.php?rest_route=%2Fwp%2Fv2%2Fmedia&parent=137"}],"curies":[{"name":"wp","href":"https:\/\/api.w.org\/{rel}","templated":true}]}}